{"id":22,"date":"2019-07-16T08:59:23","date_gmt":"2019-07-16T06:59:23","guid":{"rendered":"http:\/\/typographice.be\/?page_id=22"},"modified":"2020-12-21T10:42:20","modified_gmt":"2020-12-21T09:42:20","slug":"experiences","status":"publish","type":"page","link":"https:\/\/typographice.be\/index.php\/experiences\/","title":{"rendered":"Exp\u00e9riences Pr\u00e9presse"},"content":{"rendered":"<p><strong data-rich-text-format-boundary=\"true\">Anne Merland<\/strong><\/p>\n<ul>\n<li style=\"list-style-type: none;\">\n<ul>\n<li><span style=\"color: #999999;\"><span style=\"color: #999999;\">2018 \/<br \/>Ind\u00e9pendante \u00e0 titre principal<\/span><\/span>\n<p>\u00a0<\/p>\n<hr \/>\n<p class=\"p1\">R\u00e9alisation de publications scientifiques (Commission royale des Monuments, Sites et Fouilles, Institut arch\u00e9ologique li\u00e9geois&#8230;)<span class=\"s1\">\u00a0<span style=\"color: #ff00ff;\">\u03bf<\/span><\/span><br \/>Sous-traitance pour des publications d\u2019institutions wallonnes <span class=\"s1\"><span style=\"color: #ff00ff;\">\u03bf<\/span><br \/><\/span>Rapports annuels, bilans financiers et autres synth\u00e8ses <span class=\"s1\"><span style=\"color: #ff00ff;\">\u03bf<\/span><\/span><br \/>Brochures techniques<span class=\"s1\"> <span style=\"color: #ff00ff;\">\u03bf <\/span><\/span>Livres scolaires<span class=\"s1\"> <span style=\"color: #ff00ff;\">\u03bf <\/span><\/span>\u00c9ditions europ\u00e9ennes<span class=\"s1\"> <span style=\"color: #ff00ff;\">\u03bf<\/span><\/span><\/p>\n<\/li>\n<li><span style=\"color: #999999;\">1995-2018 \/<br \/>Ind\u00e9pendante compl\u00e9mentaire<\/span>\n<p>\u00a0<\/p>\n<hr \/>\n<p class=\"p1\">R\u00e9alisation de publications scientifiques (histoire de l\u2019art,<br \/>arch\u00e9ologie, ethnographie, architecture, histoire\u2026)<span class=\"s1\">\u00a0<span style=\"color: #ff00ff;\">\u03bf<\/span><br \/><\/span>Rapports annuels, bilans financiers et autres synth\u00e8ses<span class=\"s1\">\u00a0<span style=\"color: #ff00ff;\">\u03bf<\/span><\/span><br \/>Brochures techniques<span class=\"s1\"> <span style=\"color: #ff00ff;\">\u03bf <\/span><\/span>Livres scolaires<span class=\"s1\"> <span style=\"color: #ff00ff;\">\u03bf <\/span><\/span>\u00c9ditions europ\u00e9ennes<span class=\"s1\"> <span style=\"color: #ff00ff;\">\u03bf<\/span><\/span><br \/>Folders publicitaires (leaflets, toutes-bo\u00eetes), tarifs, menus,<br \/>identit\u00e9 visuelle<span class=\"s1\"> <span style=\"color: #ff00ff;\">\u03bf <\/span><\/span>Annuaires<span class=\"s1\">\u00a0<span style=\"color: #ff00ff;\">\u03bf<br \/><\/span><\/span><\/p>\n<\/li>\n<\/ul>\n<\/li>\n<\/ul>\n<ul>\n<li style=\"list-style-type: none;\">\n<ul>\n<li><span style=\"color: #999999;\">2009-2016 \/<br \/>Imprimerie Centrale (Luxembourg)<\/span>\n<p>\u00a0<\/p>\n<hr \/>\n<p class=\"p1\">R\u00e9alisation de publications scientifiques ou techniques<span class=\"s1\"> <span style=\"color: #ff00ff;\">\u03bf<\/span><br \/><\/span>\u00c9ditions\u00a0europ\u00e9ennes (Opoce)<span class=\"s1\"> <span style=\"color: #ff00ff;\">\u03bf<\/span> <\/span>Identit\u00e9 visuelle<span class=\"s1\"> <span style=\"color: #ff00ff;\">\u03bf<\/span><br \/><\/span>Folders publicitaires<span class=\"s1\"> <span style=\"color: #ff00ff;\">\u03bf <\/span><\/span>Annuaires<span class=\"s1\">\u00a0<span style=\"color: #ff00ff;\">\u03bf<\/span><\/span><\/p>\n<\/li>\n<li><span style=\"color: #999999;\">2006-2008 \/<br \/>Chris Communication (Li\u00e8ge)<\/span>\n<p>\u00a0<\/p>\n<hr \/>\n<p class=\"p1\">Rapports annuels, bilans financiers et autres synth\u00e8ses<span class=\"s1\">\u00a0<span style=\"color: #ff00ff;\">\u03bf<br \/><\/span><\/span>Travaux cons\u00e9quents et multi-langues<span class=\"s1\"> <span style=\"color: #ff00ff;\">\u03bf<\/span><br \/><\/span>Nettoyage, rectification, coh\u00e9rence des fichiers<span class=\"s1\"> <span style=\"color: #ff00ff;\">\u03bf<\/span><br \/><\/span>Graphs, retouches, transformations num\u00e9riques<span class=\"s1\"> <span style=\"color: #ff00ff;\">\u03bf<\/span><br \/><\/span>Gestion des ressources<span class=\"s1\"> <span style=\"color: #ff00ff;\">\u03bf<\/span><br \/><\/span>G\u00e9n\u00e9ration de fichiers<span class=\"s1\"> <span style=\"color: #ff00ff;\">\u03bf<\/span> <\/span>Certifi\u00e9s PDF<span class=\"s1\"> <span style=\"color: #ff00ff;\">\u03bf<\/span> <\/span>B\u00c0T<span class=\"s1\"> <span style=\"color: #ff00ff;\">\u03bf<\/span><br \/><\/span>Gestion des travaux via serveurs FTP \/ emails<span class=\"s1\"> <span style=\"color: #ff00ff;\">\u03bf<\/span><br \/><\/span>Rangement, archivage, banques d\u2019images<span class=\"s1\"> <span style=\"color: #ff00ff;\">\u03bf<\/span><\/span><\/p>\n<\/li>\n<li><span style=\"color: #999999;\">1991-2006 \/<br \/>Alpha Gravure (Fortemps), Images Strat\u00e9gies,<br \/>Impr. Chauveheid (Li\u00e8ge)<\/span>\n<p>\u00a0<\/p>\n<hr \/>\n<p class=\"p1\">Mise en page<span class=\"s1\"> <span style=\"color: #ff00ff;\">\u03bf<\/span> <\/span>Flashage<span class=\"s1\"> <span style=\"color: #ff00ff;\">\u03bf<\/span><br \/><\/span>Prestations infographiques multiples (vectorisation,<br \/>retouche, transformation, d\u00e9tourage, num\u00e9risation)<span class=\"s1\"> <span style=\"color: #ff00ff;\">\u03bf<\/span><br \/><\/span>R\u00e9alisation\/assistance technique pour des travaux cons\u00e9quents<span class=\"s1\"> <span style=\"color: #ff00ff;\">\u03bf<\/span><br \/><\/span>Archivage, organisation des disques<span class=\"s1\"> <span style=\"color: #ff00ff;\">\u03bf<\/span><\/span><br \/><\/p>\n<\/li>\n<li><span style=\"color: #999999;\">1983-1991 \/<br \/>Panneels-Dewarichet (Bxl), Photogravure F.G.,<br \/>GamGrafic, Impr. Massoz (Li\u00e8ge)<\/span>\n<p>\u00a0<\/p>\n<hr \/>\n<p>Mise en exploitation d&#8217;un r\u00e9seau Apple <span style=\"color: #ff00ff;\">\u03bf<\/span><br \/>Composition, mise en page<span class=\"s1\"> <span style=\"color: #ff00ff;\">\u03bf<\/span><br \/><\/span>Production photogravure (montage manuel couleurs et N\/B<br \/>lumi\u00e8re du jour) <span style=\"color: #ff00ff;\">\u03bf<\/span> \u00c9preuve chimique <span style=\"color: #ff00ff;\">\u03bf <\/span>Montage offset, laboratoire<span class=\"s1\"> <span style=\"color: #ff00ff;\">\u03bf<\/span><\/span><\/p>\n<p>\u00a0<\/p>\n<\/li>\n<\/ul>\n<\/li>\n<\/ul>\n\n\n<div class=\"wp-block-image\"><figure class=\"alignright size-large is-resized\"><img loading=\"lazy\" decoding=\"async\" src=\"https:\/\/typographice.be\/wp-content\/uploads\/2020\/12\/font-infography-3-edited-1.jpg\" alt=\"\" class=\"wp-image-262\" width=\"624\" height=\"349\" srcset=\"https:\/\/typographice.be\/wp-content\/uploads\/2020\/12\/font-infography-3-edited-1.jpg 2000w, https:\/\/typographice.be\/wp-content\/uploads\/2020\/12\/font-infography-3-edited-1-300x168.jpg 300w, https:\/\/typographice.be\/wp-content\/uploads\/2020\/12\/font-infography-3-edited-1-700x393.jpg 700w, https:\/\/typographice.be\/wp-content\/uploads\/2020\/12\/font-infography-3-edited-1-768x431.jpg 768w, https:\/\/typographice.be\/wp-content\/uploads\/2020\/12\/font-infography-3-edited-1-1536x862.jpg 1536w\" sizes=\"auto, (max-width: 624px) 100vw, 624px\" \/><\/figure><\/div>\n","protected":false},"excerpt":{"rendered":"<p>Anne Merland 2018 \/Ind\u00e9pendante \u00e0 titre principal \u00a0 R\u00e9alisation de publications scientifiques (Commission royale des Monuments, Sites et Fouilles, Institut arch\u00e9ologique li\u00e9geois&#8230;)\u00a0\u03bfSous-traitance pour des publications d\u2019institutions wallonnes \u03bfRapports annuels, bilans financiers et autres synth\u00e8ses \u03bfBrochures techniques \u03bf Livres scolaires \u03bf \u00c9ditions europ\u00e9ennes \u03bf 1995-2018 \/Ind\u00e9pendante compl\u00e9mentaire \u00a0 R\u00e9alisation de publications scientifiques (histoire de l\u2019art,arch\u00e9ologie, ethnographie, &hellip; <\/p>\n<p class=\"link-more\"><a href=\"https:\/\/typographice.be\/index.php\/experiences\/\" class=\"more-link\">Continue reading<span class=\"screen-reader-text\"> &#8220;Exp\u00e9riences Pr\u00e9presse&#8221;<\/span><\/a><\/p>\n","protected":false},"author":1,"featured_media":0,"parent":0,"menu_order":0,"comment_status":"closed","ping_status":"closed","template":"","meta":{"footnotes":""},"class_list":["post-22","page","type-page","status-publish","hentry"],"_links":{"self":[{"href":"https:\/\/typographice.be\/index.php\/wp-json\/wp\/v2\/pages\/22","targetHints":{"allow":["GET"]}}],"collection":[{"href":"https:\/\/typographice.be\/index.php\/wp-json\/wp\/v2\/pages"}],"about":[{"href":"https:\/\/typographice.be\/index.php\/wp-json\/wp\/v2\/types\/page"}],"author":[{"embeddable":true,"href":"https:\/\/typographice.be\/index.php\/wp-json\/wp\/v2\/users\/1"}],"replies":[{"embeddable":true,"href":"https:\/\/typographice.be\/index.php\/wp-json\/wp\/v2\/comments?post=22"}],"version-history":[{"count":65,"href":"https:\/\/typographice.be\/index.php\/wp-json\/wp\/v2\/pages\/22\/revisions"}],"predecessor-version":[{"id":299,"href":"https:\/\/typographice.be\/index.php\/wp-json\/wp\/v2\/pages\/22\/revisions\/299"}],"wp:attachment":[{"href":"https:\/\/typographice.be\/index.php\/wp-json\/wp\/v2\/media?parent=22"}],"curies":[{"name":"wp","href":"https:\/\/api.w.org\/{rel}","templated":true}]}}