{"id":208,"date":"2020-12-03T13:20:45","date_gmt":"2020-12-03T12:20:45","guid":{"rendered":"http:\/\/typographice.be\/?page_id=208"},"modified":"2020-12-21T10:41:41","modified_gmt":"2020-12-21T09:41:41","slug":"experiences-2","status":"publish","type":"page","link":"https:\/\/typographice.be\/index.php\/experiences-2\/","title":{"rendered":"Exp\u00e9riences IT"},"content":{"rendered":"<p><strong data-rich-text-format-boundary=\"true\">Laurent Martin<\/strong><\/p>\n<ul>\n<li style=\"list-style-type: none;\">\n<ul>\n<li><span style=\"color: #999999;\"><span style=\"color: #999999;\">2020 \/<br \/>IT Manager &#8211; Imprimerie Centrale (Luxembourg)<\/span><\/span>\n<p>\u00a0<\/p>\n<hr \/>\n<p class=\"p1\"><span class=\"s1\">Gestion journali\u00e8re IT et Helpdesk\u00a0 <span style=\"color: #ff00ff;\">\u03bf <br \/><\/span><\/span>Sp\u00e9cialiste en r\u00e9seaux et s\u00e9curit\u00e9 <span class=\"s1\"><span style=\"color: #ff00ff;\">\u03bf<\/span><br \/><\/span>Sp\u00e9cialiste en solutions de virtualisation (VMware et Hyper-V), gestion de 2 clusters (8 serveurs VMware sur 2 sites distincts, replication, backup, archivage (environ 100VM) <span class=\"s1\"><span style=\"color: #ff00ff;\">\u03bf<br \/><\/span><\/span>Gestion serveurs Microsoft et Workstations (&gt; 150), environnement Active Directory et Exchange<span class=\"s1\">\u00a0<span style=\"color: #ff00ff;\">\u03bf <br \/><\/span><\/span>Installation, maintenance, configuration de liens VPN et de solutions de RDP<span class=\"s1\">\u00a0<span style=\"color: #ff00ff;\">\u03bf <br \/><\/span><\/span>Installation, maintenance et d\u00e9pannage sur site ou \u00e0 distance pour diff\u00e9rents clients <span class=\"s1\"><span style=\"color: #ff00ff;\">\u03bf <\/span><\/span><\/p>\n<\/li>\n<li><span style=\"color: #999999;\">2008-2020 \/<br \/>Responsable de production Press et Pre-Press + IT &#8211; Imprimerie Centrale<\/span>\n<p>\u00a0<\/p>\n<hr \/>\n<p class=\"p1\">Gestion de production du service presse et pr\u00e9presse <span class=\"s1\">\u00a0<span style=\"color: #ff00ff;\">\u03bf <br \/><\/span><\/span>Gestion d&#8217;\u00e9quipe presse et pr\u00e9presse (60 personnes)<span class=\"s1\">\u00a0<span style=\"color: #ff00ff;\">\u03bf <br \/><\/span><\/span>Gestion d&#8217;un site de production au sein de la Banque centrale europ\u00e9enne (Francfort) <span class=\"s1\"><span style=\"color: #ff00ff;\">\u03bf <br \/><\/span><\/span>Impression sur presse Offset Heidelberg \/ Man Roland \/ RMGT<span class=\"s1\"> <span style=\"color: #ff00ff;\">\u03bf <br \/><\/span><\/span>Impression sur presse digitale Xerox \/ Oce \/ Ricoh et Canon digital<span class=\"s1\">\u00a0<span style=\"color: #ff00ff;\">\u03bf <br \/><\/span><\/span>Sp\u00e9cialiste en Color Management (Heidelberg et X-rite<span class=\"s1\">\u00a0<span style=\"color: #ff00ff;\">\u03bf <br \/><\/span>Audit Iso 9001, 14001:2015 et 12647-x <span style=\"color: #ff00ff;\">\u03bf <\/span><span style=\"color: #ff00ff;\"><br \/><\/span><\/span><\/p>\n<\/li>\n<\/ul>\n<\/li>\n<\/ul>\n<ul>\n<li style=\"list-style-type: none;\">\n<ul>\n<li><span style=\"color: #999999;\">1995 &#8211; 2019 \/\u00a0<br \/>IT consultant &#8211; Co-propri\u00e9taire Civatel Audiovisuel (Bruxelles)<\/span>\n<p>\u00a0<\/p>\n<hr \/>\n<p class=\"p1\">D\u00e9veloppement de solutions IT internes ainsi que pour les clients<span class=\"s1\">\u00a0<span style=\"color: #ff00ff;\">\u03bf<\/span><br \/><\/span>Pr\u00e9paration des appels d&#8217;offres et mise en place de solutions audio-visuelles et domotiques pour la Commission europ\u00e9enne <span class=\"s1\">\u00a0<span style=\"color: #ff00ff;\">\u03bf<\/span> <br \/><\/span>Programmation de mat\u00e9riel Crestron, Extron, Digital Signage et EIB\/KNX<span class=\"s1\">\u00a0<span style=\"color: #ff00ff;\">\u03bf<\/span><br \/><\/span>Formation interne des employ\u00e9s<span class=\"s1\">\u00a0<span style=\"color: #ff00ff;\">\u03bf<\/span><\/span><br \/><\/p>\n<\/li>\n<li><span style=\"color: #999999;\">1995-\u00a0 \/<br \/>Maintenance et d\u00e9pannage IT en tant qu&#8217;ind\u00e9pendant compl\u00e9mentaire (r\u00e9gion de Li\u00e8ge)<\/span>\n<p>\u00a0<\/p>\n<hr \/>\n<p class=\"p1\"><span class=\"s1\">Montage de PC\/MAC <span style=\"color: #ff00ff;\">\u03bf<\/span> <br \/><\/span>Installation et maintenance de r\u00e9seaux c\u00e2bl\u00e9s et Wifi<span class=\"s1\"> <span style=\"color: #ff00ff;\">\u03bf<\/span><br \/><\/span>Connexion internet \/ configuration de routeurs et firewall<span class=\"s1\"> <span style=\"color: #ff00ff;\">\u03bf<\/span><br \/><\/span>Cr\u00e9ation de VPN<span class=\"s1\"> <span style=\"color: #ff00ff;\">\u03bf<\/span><br \/><\/span>Installation et maintenance de serveurs Windows, Active Directory, serveurs Exchange et SQL<span class=\"s1\">\u00a0<span style=\"color: #ff00ff;\">\u03bf<\/span><br \/><\/span><span class=\"s1\">Installation et configuration de serveurs NAS et SAN Synology <span style=\"color: #ff00ff;\">\u03bf<\/span> <br \/><\/span>Syt\u00e8me de backup centralis\u00e9\/d\u00e9centralis\u00e9 &#8211; Cloud<span class=\"s1\">\u00a0<span style=\"color: #ff00ff;\">\u03bf<\/span><br \/><\/span>Gestion des travaux via serveurs FTP \/ Emails<span class=\"s1\"> et solutions type Teamviewer <span style=\"color: #ff00ff;\">\u03bf<\/span><br \/><\/span>Rangement, archivage, banques d\u2019images<span class=\"s1\"> <span style=\"color: #ff00ff;\">\u03bf<\/span><\/span><span class=\"s1\"><span style=\"color: #ff00ff;\"><br \/><\/span><\/span><\/p>\n<\/li>\n<\/ul>\n<\/li>\n<\/ul>\n\n\n<div class=\"wp-block-image\"><figure class=\"alignright size-large is-resized\"><img loading=\"lazy\" decoding=\"async\" src=\"https:\/\/typographice.be\/wp-content\/uploads\/2020\/12\/IT-700x175.jpeg\" alt=\"\" class=\"wp-image-216\" width=\"625\" height=\"156\" srcset=\"https:\/\/typographice.be\/wp-content\/uploads\/2020\/12\/IT-700x175.jpeg 700w, https:\/\/typographice.be\/wp-content\/uploads\/2020\/12\/IT-300x75.jpeg 300w, https:\/\/typographice.be\/wp-content\/uploads\/2020\/12\/IT-768x192.jpeg 768w, https:\/\/typographice.be\/wp-content\/uploads\/2020\/12\/IT.jpeg 800w\" sizes=\"auto, (max-width: 625px) 100vw, 625px\" \/><\/figure><\/div>\n","protected":false},"excerpt":{"rendered":"<p>Laurent Martin 2020 \/IT Manager &#8211; Imprimerie Centrale (Luxembourg) \u00a0 Gestion journali\u00e8re IT et Helpdesk\u00a0 \u03bf Sp\u00e9cialiste en r\u00e9seaux et s\u00e9curit\u00e9 \u03bfSp\u00e9cialiste en solutions de virtualisation (VMware et Hyper-V), gestion de 2 clusters (8 serveurs VMware sur 2 sites distincts, replication, backup, archivage (environ 100VM) \u03bfGestion serveurs Microsoft et Workstations (&gt; 150), environnement Active Directory &hellip; <\/p>\n<p class=\"link-more\"><a href=\"https:\/\/typographice.be\/index.php\/experiences-2\/\" class=\"more-link\">Continue reading<span class=\"screen-reader-text\"> &#8220;Exp\u00e9riences IT&#8221;<\/span><\/a><\/p>\n","protected":false},"author":1,"featured_media":0,"parent":0,"menu_order":0,"comment_status":"closed","ping_status":"closed","template":"","meta":{"footnotes":""},"class_list":["post-208","page","type-page","status-publish","hentry"],"_links":{"self":[{"href":"https:\/\/typographice.be\/index.php\/wp-json\/wp\/v2\/pages\/208","targetHints":{"allow":["GET"]}}],"collection":[{"href":"https:\/\/typographice.be\/index.php\/wp-json\/wp\/v2\/pages"}],"about":[{"href":"https:\/\/typographice.be\/index.php\/wp-json\/wp\/v2\/types\/page"}],"author":[{"embeddable":true,"href":"https:\/\/typographice.be\/index.php\/wp-json\/wp\/v2\/users\/1"}],"replies":[{"embeddable":true,"href":"https:\/\/typographice.be\/index.php\/wp-json\/wp\/v2\/comments?post=208"}],"version-history":[{"count":25,"href":"https:\/\/typographice.be\/index.php\/wp-json\/wp\/v2\/pages\/208\/revisions"}],"predecessor-version":[{"id":298,"href":"https:\/\/typographice.be\/index.php\/wp-json\/wp\/v2\/pages\/208\/revisions\/298"}],"wp:attachment":[{"href":"https:\/\/typographice.be\/index.php\/wp-json\/wp\/v2\/media?parent=208"}],"curies":[{"name":"wp","href":"https:\/\/api.w.org\/{rel}","templated":true}]}}