{"id":19,"date":"2019-07-16T08:59:23","date_gmt":"2019-07-16T06:59:23","guid":{"rendered":"http:\/\/typographice.be\/?page_id=19"},"modified":"2020-12-22T20:34:48","modified_gmt":"2020-12-22T19:34:48","slug":"a-propos-de","status":"publish","type":"page","link":"https:\/\/typographice.be\/index.php\/a-propos-de\/","title":{"rendered":"\u00c0 propos de nous"},"content":{"rendered":"<p><strong data-rich-text-format-boundary=\"true\">Anne<\/strong><\/p>\n<p>Technicienne en photogravure et infographiste confirm\u00e9e <span style=\"color: #ff00ff;\">\u03bf<\/span><span class=\"s1\">&nbsp;<br>Pr\u00e9cision, soin dans l\u2019ex\u00e9cution du travail <span style=\"color: #ff00ff;\">\u03bf<\/span><\/span><span class=\"s1\">&nbsp;<br>Capacit\u00e9 \u00e0 g\u00e9rer des travaux cons\u00e9quents <span style=\"color: #ff00ff;\">\u03bf<\/span><\/span><span class=\"s1\">&nbsp;<br><\/span>Belle aptitude \u00e0 exploiter les fichiers Excel\/Word\/Acrobat<span class=\"s2\"> <span style=\"color: #ff00ff;\">\u03bf<\/span> <br><\/span><span class=\"s1\">Tr\u00e8s bonnes connaissances informatiques <span style=\"color: #ff00ff;\">\u03bf<\/span><\/span><span class=\"s1\">&nbsp;<br><\/span><span class=\"s2\"><span style=\"color: #ff00ff;\"><br><\/span><\/span>R\u00e9alisation de maquettes et de mises en page <span style=\"color: #ff00ff;\">\u03bf<\/span> <br>Retouches chromatiques <span style=\"color: #ff00ff;\">\u03bf<\/span> Transformations num\u00e9riques <span style=\"color: #ff00ff;\">\u03bf<\/span> <br>Cr\u00e9ation de graphiques, l\u00e9gendes, infographies <span style=\"color: #ff00ff;\">\u03bf<\/span> <br>Nettoyage, rectification, mise en coh\u00e9rence de fichiers ext\u00e9rieurs&nbsp; <span style=\"color: #ff00ff;\">\u03bf<\/span> <br>R\u00e9cup\u00e9ration compl\u00e8te de l&#8217;enrichissement des manuscrits <span style=\"color: #ff00ff;\">\u03bf<br><\/span>Travaux multi-langues (Union europ\u00e9enne)<span class=\"s2\">&nbsp;<\/span><span style=\"color: #ff00ff;\"><span class=\"s2\">\u03bf&nbsp;<br><\/span><\/span>Relecture de m\u00e9moires et travaux de fin d&#8217;\u00e9tudes <span style=\"color: #ff00ff;\"><span class=\"s2\">\u03bf<\/span><br><\/span>Compr\u00e9hension passive du n\u00e9erlandais et de l\u2019anglais <span style=\"color: #ff00ff;\"><span class=\"s2\">\u03bf&nbsp;<\/span><br><\/span>Communique en fran\u00e7ais <span style=\"color: #ff00ff;\">\u03bf<\/span><\/p>\n<p><strong data-rich-text-format-boundary=\"true\">Laurent<\/strong><\/p>\n<p class=\"p1\">Sp\u00e9cialiste en r\u00e9seaux et s\u00e9curit\u00e9<span style=\"color: #ff00ff;\"> \u03bf<\/span><span class=\"s1\">&nbsp;<br>Sp\u00e9cialiste en solutions de virtualisation<span style=\"color: #ff00ff;\"> \u03bf<\/span><\/span><span class=\"s1\">&nbsp;<br>Sp\u00e9cialiste en Color Management <span style=\"color: #ff00ff;\">\u03bf<\/span>&nbsp;<br><span class=\"s2\">Sp\u00e9cialiste de solutions audio-visuelles et domotiques <span style=\"color: #ff00ff;\">\u03bf&nbsp;<br><\/span><\/span>Consultance et r\u00e9solution de tous vos probl\u00e8mes informatiques<\/span><span class=\"s1\"><span style=\"color: #ff00ff;\">&nbsp;\u03bf<\/span><\/span><span class=\"s1\">&nbsp;<br><\/span><span class=\"s2\">Installation, maintenance et d\u00e9pannage sur site ou \u00e0 distance <span style=\"color: #ff00ff;\">\u03bf<\/span> <br><\/span><span class=\"s2\">Pr\u00e9paration d&#8217;appels d\u2019offres <span style=\"color: #ff00ff;\">\u03bf&nbsp;<br><\/span>Communique en fran\u00e7ais, anglais, n\u00e9erlandais et allemand<span style=\"color: #ff00ff;\">&nbsp;<span class=\"s1\">\u03bf<\/span><br><\/span><\/span><span class=\"s2\"><span style=\"color: #ff00ff;\"><span class=\"Apple-converted-space\" style=\"font-size: inherit; color: #000000;\"><span class=\"s1\"><span style=\"color: #333333;\">&nbsp;<\/span><br><\/span><\/span><\/span><\/span><span class=\"s2\"><span style=\"color: #ff00ff;\"><span style=\"font-size: inherit; color: #333333;\"><br>&nbsp; &nbsp;&nbsp;<\/span><br><\/span><\/span><\/p>\n\n\n<p><strong>Nos services :<\/strong> <\/p>\n\n\n\n<div class=\"wp-block-group\"><div class=\"wp-block-group__inner-container is-layout-flow wp-block-group-is-layout-flow\">\n<figure class=\"wp-block-table is-style-regular\"><table><tbody><tr><td>Pr\u00e9presse &#8211;       <br>Bon \u00e0 tirer<\/td><td>Informatique &#8211;<br>.<\/td><\/tr><tr><td>Mise en page &#8211; Composition<\/td><td>Installation &#8211; Maintenance<\/td><\/tr><tr><td>Infographie &#8211; Photogravure<\/td><td>Consultance &#8211; D\u00e9pannage<\/td><\/tr><\/tbody><\/table><\/figure>\n<\/div><\/div>\n\n\n\n<div class=\"wp-block-image\"><figure class=\"aligncenter is-resized\"><img loading=\"lazy\" decoding=\"async\" src=\"https:\/\/typographice.be\/wp-content\/uploads\/2019\/07\/infographie-vocabulaire-typographie-e1570098343879-700x233.png\" alt=\"\" class=\"wp-image-99\" width=\"828\" height=\"275\" srcset=\"https:\/\/typographice.be\/wp-content\/uploads\/2019\/07\/infographie-vocabulaire-typographie-e1570098343879-700x233.png 700w, https:\/\/typographice.be\/wp-content\/uploads\/2019\/07\/infographie-vocabulaire-typographie-e1570098343879-300x100.png 300w, https:\/\/typographice.be\/wp-content\/uploads\/2019\/07\/infographie-vocabulaire-typographie-e1570098343879-768x256.png 768w, https:\/\/typographice.be\/wp-content\/uploads\/2019\/07\/infographie-vocabulaire-typographie-e1570098343879.png 2000w\" sizes=\"auto, (max-width: 767px) 89vw, (max-width: 1000px) 54vw, (max-width: 1071px) 543px, 580px\" \/><\/figure><\/div>\n","protected":false},"excerpt":{"rendered":"<p>Anne Technicienne en photogravure et infographiste confirm\u00e9e \u03bf&nbsp;Pr\u00e9cision, soin dans l\u2019ex\u00e9cution du travail \u03bf&nbsp;Capacit\u00e9 \u00e0 g\u00e9rer des travaux cons\u00e9quents \u03bf&nbsp;Belle aptitude \u00e0 exploiter les fichiers Excel\/Word\/Acrobat \u03bf Tr\u00e8s bonnes connaissances informatiques \u03bf&nbsp;R\u00e9alisation de maquettes et de mises en page \u03bf Retouches chromatiques \u03bf Transformations num\u00e9riques \u03bf Cr\u00e9ation de graphiques, l\u00e9gendes, infographies \u03bf Nettoyage, rectification, mise &hellip; <\/p>\n<p class=\"link-more\"><a href=\"https:\/\/typographice.be\/index.php\/a-propos-de\/\" class=\"more-link\">Continue reading<span class=\"screen-reader-text\"> &#8220;\u00c0 propos de nous&#8221;<\/span><\/a><\/p>\n","protected":false},"author":1,"featured_media":0,"parent":0,"menu_order":0,"comment_status":"closed","ping_status":"closed","template":"","meta":{"footnotes":""},"class_list":["post-19","page","type-page","status-publish","hentry"],"_links":{"self":[{"href":"https:\/\/typographice.be\/index.php\/wp-json\/wp\/v2\/pages\/19","targetHints":{"allow":["GET"]}}],"collection":[{"href":"https:\/\/typographice.be\/index.php\/wp-json\/wp\/v2\/pages"}],"about":[{"href":"https:\/\/typographice.be\/index.php\/wp-json\/wp\/v2\/types\/page"}],"author":[{"embeddable":true,"href":"https:\/\/typographice.be\/index.php\/wp-json\/wp\/v2\/users\/1"}],"replies":[{"embeddable":true,"href":"https:\/\/typographice.be\/index.php\/wp-json\/wp\/v2\/comments?post=19"}],"version-history":[{"count":45,"href":"https:\/\/typographice.be\/index.php\/wp-json\/wp\/v2\/pages\/19\/revisions"}],"predecessor-version":[{"id":305,"href":"https:\/\/typographice.be\/index.php\/wp-json\/wp\/v2\/pages\/19\/revisions\/305"}],"wp:attachment":[{"href":"https:\/\/typographice.be\/index.php\/wp-json\/wp\/v2\/media?parent=19"}],"curies":[{"name":"wp","href":"https:\/\/api.w.org\/{rel}","templated":true}]}}